{"id":48,"date":"2024-03-12T17:35:14","date_gmt":"2024-03-12T17:35:14","guid":{"rendered":"https:\/\/alekrece.pl\/?page_id=48"},"modified":"2024-12-18T02:24:15","modified_gmt":"2024-12-18T02:24:15","slug":"about","status":"publish","type":"page","link":"https:\/\/gaweljozefczuk.pl\/?page_id=48","title":{"rendered":"About"},"content":{"rendered":"\t\t<div data-elementor-type=\"wp-page\" data-elementor-id=\"48\" class=\"elementor elementor-48\">\n\t\t\t\t<div class=\"elementor-element elementor-element-b4e7d92 e-flex e-con-boxed e-con e-parent\" data-id=\"b4e7d92\" data-element_type=\"container\" data-e-type=\"container\">\n\t\t\t\t\t<div class=\"e-con-inner\">\n\t\t<div class=\"elementor-element elementor-element-b9d0f2a e-con-full e-flex e-con e-child\" data-id=\"b9d0f2a\" data-element_type=\"container\" data-e-type=\"container\">\n\t\t\t\t<div class=\"elementor-element elementor-element-d4a8227 elementor-widget elementor-widget-pelicula_core_cards_gallery\" data-id=\"d4a8227\" data-element_type=\"widget\" data-e-type=\"widget\" data-widget_type=\"pelicula_core_cards_gallery.default\">\n\t\t\t\t<div class=\"elementor-widget-container\">\n\t\t\t\t\t<div class=\"qodef-shortcode qodef-m  qodef-cards-gallery qodef-orientation--left qodef-animation--no\">\n\t<div class=\"qodef-e-inner\">\n\t\t\t\t\t<div class=\"qodef-m-card\">\n\t\t\t\t<div class=\"qodef-m-bundle-item\" data-bundle-move-top=\"300\">\n\t\t\t\t\t\t\t\t\t\t\t<img decoding=\"async\" src=\"https:\/\/gaweljozefczuk.pl\/wp-content\/uploads\/2024\/03\/121533141_3813596502001759_2791030220569218675_n.jpeg\" alt=\"\" \/>\n\t\t\t\t\t\t\t\t\t<\/div>\n\t\t\t<\/div>\n\t\t\t<\/div>\n\t<div class=\"qodef-m-fake-card\">\n\t\t\t\t<img decoding=\"async\" src=\"https:\/\/gaweljozefczuk.pl\/wp-content\/uploads\/2024\/03\/121533141_3813596502001759_2791030220569218675_n.jpeg\" alt=\"\" \/>\n\t<\/div>\n<\/div>\t\t\t\t<\/div>\n\t\t\t\t<\/div>\n\t\t\t\t<\/div>\n\t\t<div class=\"elementor-element elementor-element-4fb69e8 e-con-full e-flex e-con e-child\" data-id=\"4fb69e8\" data-element_type=\"container\" data-e-type=\"container\">\n\t\t\t\t<div class=\"elementor-element elementor-element-0d47902 elementor-widget elementor-widget-text-editor\" data-id=\"0d47902\" data-element_type=\"widget\" data-e-type=\"widget\" data-widget_type=\"text-editor.default\">\n\t\t\t\t<div class=\"elementor-widget-container\">\n\t\t\t\t\t\t\t\t\t<p>I\u2019m cinematographer based in Warsaw. I graduaded Academy of Film and Television in Warsaw and took cinematography course in Speakers Avenue. I have many years experience based on participating in shorts, several featured films, documentaries, TV programs, music videos and more.\u00a0<\/p><p>After school I started to work in light department and as a gaffer I worked with many polish talents, such as Sanah, Micha\u0142 Szpak, Anita Lipnicka, Lemon and more in music videos. Lighting skills completed my goal to be director of photography, so I went this way.\u00a0<\/p><p>Right now I\u2019m working with small and big crews, making shorts, commercials, music videos and dream about debut feature film. I can elevate your project with beautiful and magical shots in moody light. Come and get me know if there is something to shot! Cheers!<\/p><p>\u00a0<\/p><p>\u00a0<\/p><p>Jestem operatorem obrazu, \u00a0uko\u0144czy\u0142em Akademi\u0119 Filmu i Telewizji w Warszawie i odby\u0142em kurs operatorski w Speakers Avenue pod okiem wielu znamienitych autor\u00f3w zdj\u0119\u0107. Mam wieloletnie do\u015bwiadczenie oparte na udziale w filmach kr\u00f3tkometra\u017cowych, filmach fabularnych, dokumentalnych, programach telewizyjnych, teledyskach.<\/p><p>Po szkole zacz\u0105\u0142em pracowa\u0107 w dziale o\u015bwietlenia i jako gaffer wsp\u00f3\u0142pracowa\u0142em z wieloma polskimi talentami, takimi jak Sanah, Micha\u0142 Szpak, Anita Lipnicka, Lemon i nie tylko przy teledyskach. Umiej\u0119tno\u015bci o\u015bwietleniowe dope\u0142ni\u0142y m\u00f3j cel, jakim jest re\u017cyser zdj\u0119\u0107, wi\u0119c poszed\u0142em t\u0105 drog\u0105.<\/p><p>Obecnie pracuj\u0119 z ma\u0142ymi i du\u017cymi ekipami, realizuj\u0105c filmy kr\u00f3tkometra\u017cowe, reklamy, teledyski i marz\u0119 o debiucie fabularnym. Mog\u0119 uzupe\u0142ni\u0107 Tw\u00f3j projekt pi\u0119knymi i magicznymi uj\u0119ciami w nastrojowym \u015bwietle. Odezwij si\u0119 , a stworzymy wiele niezapomnianych uj\u0119\u0107!<\/p>\t\t\t\t\t\t\t\t<\/div>\n\t\t\t\t<\/div>\n\t\t\t\t<\/div>\n\t\t\t\t\t<\/div>\n\t\t\t\t<\/div>\n\t\t<div class=\"elementor-element elementor-element-898776c e-flex e-con-boxed e-con e-parent\" data-id=\"898776c\" data-element_type=\"container\" data-e-type=\"container\">\n\t\t\t\t\t<div class=\"e-con-inner\">\n\t\t\t\t<div class=\"elementor-element elementor-element-a5e1ef0 elementor-widget elementor-widget-pelicula_core_image_gallery\" data-id=\"a5e1ef0\" data-element_type=\"widget\" data-e-type=\"widget\" data-widget_type=\"pelicula_core_image_gallery.default\">\n\t\t\t\t<div class=\"elementor-widget-container\">\n\t\t\t\t\t<div class=\"qodef-shortcode qodef-m  qodef-image-gallery qodef-magnific-popup qodef-popup-gallery qodef-grid qodef-layout--columns   qodef-gutter--normal qodef-col-num--4  qodef-nav--custom qodef-responsive--predefined\">\n    <div class=\"qodef-grid-inner clear\">\n\t\t<div class=\"qodef-e qodef-image-wrapper qodef-grid-item\">\n\t\t\t<a class=\"qodef-popup-item\" itemprop=\"image\" href=\"https:\/\/gaweljozefczuk.pl\/wp-content\/uploads\/2024\/03\/121533141_3813596502001759_2791030220569218675_n.jpeg\" data-type=\"image\" title=\"\">\n\t\t\t<img fetchpriority=\"high\" decoding=\"async\" src=\"https:\/\/gaweljozefczuk.pl\/wp-content\/uploads\/2024\/03\/121533141_3813596502001759_2791030220569218675_n-800x800.jpeg\" alt=\"\" width=\"800\" height=\"800\" data-ratio=\"1\" \/>\t\t\t<\/a>\n\t<\/div><div class=\"qodef-e qodef-image-wrapper qodef-grid-item\">\n\t\t\t<a class=\"qodef-popup-item\" itemprop=\"image\" href=\"https:\/\/gaweljozefczuk.pl\/wp-content\/uploads\/2024\/03\/22861484_1559938070716826_366807652366012298_o.jpeg\" data-type=\"image\" title=\"\">\n\t\t\t<img decoding=\"async\" src=\"https:\/\/gaweljozefczuk.pl\/wp-content\/uploads\/2024\/03\/22861484_1559938070716826_366807652366012298_o-800x800.jpeg\" alt=\"\" width=\"800\" height=\"800\" data-ratio=\"1\" \/>\t\t\t<\/a>\n\t<\/div><div class=\"qodef-e qodef-image-wrapper qodef-grid-item\">\n\t\t\t<a class=\"qodef-popup-item\" itemprop=\"image\" href=\"https:\/\/gaweljozefczuk.pl\/wp-content\/uploads\/2024\/03\/D788FDAB-DA4F-4A54-A822-402DDE14771E-scaled.jpeg\" data-type=\"image\" title=\"\">\n\t\t\t<img decoding=\"async\" src=\"https:\/\/gaweljozefczuk.pl\/wp-content\/uploads\/2024\/03\/D788FDAB-DA4F-4A54-A822-402DDE14771E-scaled-800x800.jpeg\" alt=\"\" width=\"800\" height=\"800\" data-ratio=\"1\" \/>\t\t\t<\/a>\n\t<\/div><div class=\"qodef-e qodef-image-wrapper qodef-grid-item\">\n\t\t\t<a class=\"qodef-popup-item\" itemprop=\"image\" href=\"https:\/\/gaweljozefczuk.pl\/wp-content\/uploads\/2024\/03\/25541496-2df7-454f-8438-e480b682868b.jpeg\" data-type=\"image\" title=\"\">\n\t\t\t<img loading=\"lazy\" decoding=\"async\" src=\"https:\/\/gaweljozefczuk.pl\/wp-content\/uploads\/2024\/03\/25541496-2df7-454f-8438-e480b682868b-800x800.jpeg\" alt=\"\" width=\"800\" height=\"800\" data-ratio=\"1\" \/>\t\t\t<\/a>\n\t<\/div><div class=\"qodef-e qodef-image-wrapper qodef-grid-item\">\n\t\t\t<a class=\"qodef-popup-item\" itemprop=\"image\" href=\"https:\/\/gaweljozefczuk.pl\/wp-content\/uploads\/2024\/03\/03-09.jpg\" data-type=\"image\" title=\"\">\n\t\t\t<img loading=\"lazy\" decoding=\"async\" src=\"https:\/\/gaweljozefczuk.pl\/wp-content\/uploads\/2024\/03\/03-09-800x800.jpg\" alt=\"\" width=\"800\" height=\"800\" data-ratio=\"1\" \/>\t\t\t<\/a>\n\t<\/div><div class=\"qodef-e qodef-image-wrapper qodef-grid-item\">\n\t\t\t<a class=\"qodef-popup-item\" itemprop=\"image\" href=\"https:\/\/gaweljozefczuk.pl\/wp-content\/uploads\/2024\/03\/06-04.jpg\" data-type=\"image\" title=\"\">\n\t\t\t<img loading=\"lazy\" decoding=\"async\" src=\"https:\/\/gaweljozefczuk.pl\/wp-content\/uploads\/2024\/03\/06-04-800x800.jpg\" alt=\"\" width=\"800\" height=\"800\" data-ratio=\"1\" \/>\t\t\t<\/a>\n\t<\/div><div class=\"qodef-e qodef-image-wrapper qodef-grid-item\">\n\t\t\t<a class=\"qodef-popup-item\" itemprop=\"image\" href=\"https:\/\/gaweljozefczuk.pl\/wp-content\/uploads\/2024\/03\/06-09.jpg\" data-type=\"image\" title=\"\">\n\t\t\t<img loading=\"lazy\" decoding=\"async\" src=\"https:\/\/gaweljozefczuk.pl\/wp-content\/uploads\/2024\/03\/06-09-800x800.jpg\" alt=\"\" width=\"800\" height=\"800\" data-ratio=\"1\" \/>\t\t\t<\/a>\n\t<\/div><div class=\"qodef-e qodef-image-wrapper qodef-grid-item\">\n\t\t\t<a class=\"qodef-popup-item\" itemprop=\"image\" href=\"https:\/\/gaweljozefczuk.pl\/wp-content\/uploads\/2024\/03\/03-06.jpg\" data-type=\"image\" title=\"\">\n\t\t\t<img loading=\"lazy\" decoding=\"async\" src=\"https:\/\/gaweljozefczuk.pl\/wp-content\/uploads\/2024\/03\/03-06-800x800.jpg\" alt=\"\" width=\"800\" height=\"800\" data-ratio=\"1\" \/>\t\t\t<\/a>\n\t<\/div><div class=\"qodef-e qodef-image-wrapper qodef-grid-item\">\n\t\t\t<a class=\"qodef-popup-item\" itemprop=\"image\" href=\"https:\/\/gaweljozefczuk.pl\/wp-content\/uploads\/2024\/03\/03-08.jpg\" data-type=\"image\" title=\"\">\n\t\t\t<img loading=\"lazy\" decoding=\"async\" src=\"https:\/\/gaweljozefczuk.pl\/wp-content\/uploads\/2024\/03\/03-08-800x800.jpg\" alt=\"\" width=\"800\" height=\"800\" data-ratio=\"1\" \/>\t\t\t<\/a>\n\t<\/div>    <\/div>\n<\/div>\t\t\t\t<\/div>\n\t\t\t\t<\/div>\n\t\t\t\t\t<\/div>\n\t\t\t\t<\/div>\n\t\t\t\t<\/div>\n\t\t","protected":false},"excerpt":{"rendered":"<p>I\u2019m cinematographer based in Warsaw. I graduaded Academy of Film and Television in Warsaw and took cinematography course in Speakers Avenue. I have many years experience based on participating in shorts, several featured films, documentaries, TV programs, music videos and more.\u00a0 After school I started to work in light department and as a gaffer I [&hellip;]<\/p>\n","protected":false},"author":1,"featured_media":0,"parent":0,"menu_order":0,"comment_status":"closed","ping_status":"closed","template":"page-full-width.php","meta":{"footnotes":""},"class_list":["post-48","page","type-page","status-publish","hentry"],"_links":{"self":[{"href":"https:\/\/gaweljozefczuk.pl\/index.php?rest_route=\/wp\/v2\/pages\/48","targetHints":{"allow":["GET"]}}],"collection":[{"href":"https:\/\/gaweljozefczuk.pl\/index.php?rest_route=\/wp\/v2\/pages"}],"about":[{"href":"https:\/\/gaweljozefczuk.pl\/index.php?rest_route=\/wp\/v2\/types\/page"}],"author":[{"embeddable":true,"href":"https:\/\/gaweljozefczuk.pl\/index.php?rest_route=\/wp\/v2\/users\/1"}],"replies":[{"embeddable":true,"href":"https:\/\/gaweljozefczuk.pl\/index.php?rest_route=%2Fwp%2Fv2%2Fcomments&post=48"}],"version-history":[{"count":72,"href":"https:\/\/gaweljozefczuk.pl\/index.php?rest_route=\/wp\/v2\/pages\/48\/revisions"}],"predecessor-version":[{"id":489,"href":"https:\/\/gaweljozefczuk.pl\/index.php?rest_route=\/wp\/v2\/pages\/48\/revisions\/489"}],"wp:attachment":[{"href":"https:\/\/gaweljozefczuk.pl\/index.php?rest_route=%2Fwp%2Fv2%2Fmedia&parent=48"}],"curies":[{"name":"wp","href":"https:\/\/api.w.org\/{rel}","templated":true}]}}